{"id":1979,"date":"2020-04-07T19:53:43","date_gmt":"2020-04-07T19:53:43","guid":{"rendered":"https:\/\/3vtek.com\/?post_type=product&#038;p=1979"},"modified":"2020-04-18T12:22:27","modified_gmt":"2020-04-18T12:22:27","slug":"optoma-uhd58sa-2","status":"publish","type":"product","link":"https:\/\/3vtek.com\/?product=optoma-uhd58sa-2","title":{"rendered":"OPTOMA UHD58SA"},"content":{"rendered":"<table class=\"shop_attributes\">\n<tbody>\n<tr>\n<th>Display Technology<\/th>\n<td>DLP 4K UHD chip<\/td>\n<\/tr>\n<tr>\n<th>Native Resolution<\/th>\n<td>4K UHD 3840\u00d72160<\/td>\n<\/tr>\n<tr>\n<th>Brightness<\/th>\n<td>3500 ANSI Lumens<\/td>\n<\/tr>\n<tr>\n<th>Contrast<\/th>\n<td>500,000:1<\/td>\n<\/tr>\n<tr>\n<th>Light Source<\/th>\n<td>Lamp<\/td>\n<\/tr>\n<tr>\n<th>Lamp Life<\/th>\n<td>15000\/10000\/4000 hours (Dynamic\/Eco\/Bright mode)<\/td>\n<\/tr>\n<tr>\n<th>Throw Ratio<\/th>\n<td>1.21 \u2013 1.59<\/td>\n<\/tr>\n<tr>\n<th>Zoom Type<\/th>\n<td>1.3x Manual<\/td>\n<\/tr>\n<tr>\n<th>Lens Shift<\/th>\n<td>+10% vertical<\/td>\n<\/tr>\n<tr>\n<th>I\/O Connectors<\/th>\n<td>HDMI 2.0*2 , VGA (RGB\/YPbPr), Audio in 3.5mm, Audio out S\/PDIF, Audio out 3.5mm, 12V trigger, RS232, RJ45, USB-A 3.0 (Power, 1.5A), USB-A (service), USB-A (wireless dongle), USB-A (Alexa)<\/td>\n<\/tr>\n<tr>\n<th>Speaker (Watts)<\/th>\n<td>5W x2<\/td>\n<\/tr>\n<tr>\n<th>Weight (Kg)<\/th>\n<td>5.3<\/td>\n<\/tr>\n<tr>\n<th>Dimensions (W x D x H) (mm)<\/th>\n<td>393 x 282 x 118<\/td>\n<\/tr>\n<tr>\n<th>Aspect Ratio<\/th>\n<td>16:9 Native, 4:3 and LBX Compatible<\/td>\n<\/tr>\n<tr>\n<th>Projection Screen Size<\/th>\n<td>max. 300&#8243;<\/td>\n<\/tr>\n<tr>\n<th>Projection Distance<\/th>\n<td>1.2 \u2013 8.1m<\/td>\n<\/tr>\n<tr>\n<th>Projection Lens<\/th>\n<td>F\/1.94 to 2.23, f\/12.81 to 16.74<\/td>\n<\/tr>\n<tr>\n<th>Uniformity<\/th>\n<td>80%<\/td>\n<\/tr>\n<tr>\n<th>Computer Compatibility<\/th>\n<td>UHD, WQHD, WUXGA, FHD, UXGA, SXGA, WXGA, HD, XGA, SVGA, VGA, Mac<\/td>\n<\/tr>\n<tr>\n<th>Video Compatibility<\/th>\n<td>480i\/p, 576i\/p, 720p(50\/60Hz), 1080i(50\/60Hz), 1080p(24\/50\/60Hz), 2160p(24\/30\/50\/60Hz)<\/td>\n<\/tr>\n<tr>\n<th>Horizontal Scan Rate<\/th>\n<td>31~135KHz<\/td>\n<\/tr>\n<tr>\n<th>Vertical Scan Rate<\/th>\n<td>24 \u2013 120Hz (120Hz for 3D)<\/td>\n<\/tr>\n<tr>\n<th>Displayable Colors<\/th>\n<td>1073.4 million colors (10 bit)<\/td>\n<\/tr>\n<tr>\n<th>Noise Level<\/th>\n<td>25dB (Eco mode)<\/td>\n<\/tr>\n<tr>\n<th>Power Supply<\/th>\n<td>100\u0096240V, 50\u009660Hz, auto-switching<\/td>\n<\/tr>\n<tr>\n<th>Power Consumption<\/th>\n<td>\u3010Bright Mode\u3011 Typ. 337 W Max. 371 W @ 110VAC \u3001 Typ. 323 W Max. 355 W @ 220VAC \u3010Eco Mode\u3011 Typ. 247 W Max. 272 W @ 110VAC \u3001 Typ. 239 W Max. 264 W @ 220VAC<\/td>\n<\/tr>\n<tr>\n<th>Lamp Type<\/th>\n<td>240W<\/td>\n<\/tr>\n<tr>\n<th>Security<\/th>\n<td>Kensington lock port, password (OSD)<\/td>\n<\/tr>\n<tr>\n<th>On Screen Display<\/th>\n<td>10 Languages: English, Espa\u00f1ol, Fran\u00e7ais, Deutsch, Portugu\u00eas, Italiano, \u0420\u0443\u0441\u0441\u043a\u0438\u0439, \u7c21\u4f53\u4e2d\u6587, \u65e5\u672c\u8a9e, \ud55c\uad6d\uc5b4<\/td>\n<\/tr>\n<tr>\n<th>Optional Wireless<\/th>\n<td>Yes<\/td>\n<\/tr>\n<tr>\n<th>RoHS<\/th>\n<td>Compliant<\/td>\n<\/tr>\n<\/tbody>\n<\/table>\n","protected":false},"excerpt":{"rendered":"<ul>\n<li>Alexa Voice assistant supported projector<\/li>\n<li>Bright 3,500 lumens &amp; 500,000:1 high contrast<\/li>\n<li>Brand new designed lens for 4K UHD resolution with 1.3x zoom and perfect throw for theater room or living room use<\/li>\n<li>8.3 million pixels on screen, CTA certified 4K UHD product<\/li>\n<li>Exceptional colors, 100% Rec. 709, 80% DCI-P3 color gamut coverage<\/li>\n<li>Stunning HDR10\/HLG performance, BT2020 compatible<\/li>\n<li>Optoma PureMotion Technology<\/li>\n<li>Built-in Media Player, and Wifi Display support<\/li>\n<li>Supports Full 3D and\u00a0+10% Vertical lens shift<\/li>\n<li>TapCast APP for multiple remote controls<\/li>\n<\/ul>\n","protected":false},"featured_media":1972,"comment_status":"open","ping_status":"closed","template":"","meta":{"_monsterinsights_skip_tracking":false,"_monsterinsights_sitenote_active":false,"_monsterinsights_sitenote_note":"","_monsterinsights_sitenote_category":0,"site-sidebar-layout":"default","site-content-layout":"default","ast-site-content-layout":"default","site-content-style":"default","site-sidebar-style":"default","ast-global-header-display":"","ast-banner-title-visibility":"","ast-main-header-display":"","ast-hfb-above-header-display":"","ast-hfb-below-header-display":"","ast-hfb-mobile-header-display":"","site-post-title":"","ast-breadcrumbs-content":"","ast-featured-img":"","footer-sml-layout":"","ast-disable-related-posts":"","theme-transparent-header-meta":"default","adv-header-id-meta":"","stick-header-meta":"","header-above-stick-meta":"","header-main-stick-meta":"","header-below-stick-meta":"","astra-migrate-meta-layouts":"default","ast-page-background-enabled":"default","ast-page-background-meta":{"desktop":{"background-color":"var(--ast-global-color-4)","background-image":"","background-repeat":"repeat","background-position":"center center","background-size":"auto","background-attachment":"scroll","background-type":"","background-media":"","overlay-type":"","overlay-color":"","overlay-opacity":"","overlay-gradient":""},"tablet":{"background-color":"","background-image":"","background-repeat":"repeat","background-position":"center center","background-size":"auto","background-attachment":"scroll","background-type":"","background-media":"","overlay-type":"","overlay-color":"","overlay-opacity":"","overlay-gradient":""},"mobile":{"background-color":"","background-image":"","background-repeat":"repeat","background-position":"center center","background-size":"auto","background-attachment":"scroll","background-type":"","background-media":"","overlay-type":"","overlay-color":"","overlay-opacity":"","overlay-gradient":""}},"ast-content-background-meta":{"desktop":{"background-color":"var(--ast-global-color-5)","background-image":"","background-repeat":"repeat","background-position":"center center","background-size":"auto","background-attachment":"scroll","background-type":"","background-media":"","overlay-type":"","overlay-color":"","overlay-opacity":"","overlay-gradient":""},"tablet":{"background-color":"var(--ast-global-color-5)","background-image":"","background-repeat":"repeat","background-position":"center center","background-size":"auto","background-attachment":"scroll","background-type":"","background-media":"","overlay-type":"","overlay-color":"","overlay-opacity":"","overlay-gradient":""},"mobile":{"background-color":"var(--ast-global-color-5)","background-image":"","background-repeat":"repeat","background-position":"center center","background-size":"auto","background-attachment":"scroll","background-type":"","background-media":"","overlay-type":"","overlay-color":"","overlay-opacity":"","overlay-gradient":""}}},"product_brand":[],"product_cat":[23],"product_tag":[],"class_list":{"0":"post-1979","1":"product","2":"type-product","3":"status-publish","4":"has-post-thumbnail","6":"product_cat-projector","7":"desktop-align-left","8":"tablet-align-left","9":"mobile-align-left","11":"first","12":"instock","13":"shipping-taxable","14":"product-type-simple"},"yoast_head":"<!-- This site is optimized with the Yoast SEO plugin v27.4 - https:\/\/yoast.com\/product\/yoast-seo-wordpress\/ -->\n<title>OPTOMA UHD58SA |<\/title>\n<meta name=\"robots\" content=\"index, follow, max-snippet:-1, max-image-preview:large, max-video-preview:-1\" \/>\n<link rel=\"canonical\" href=\"https:\/\/3vtek.com\/?product=optoma-uhd58sa-2\" \/>\n<meta property=\"og:locale\" content=\"en_US\" \/>\n<meta property=\"og:type\" content=\"article\" \/>\n<meta property=\"og:title\" content=\"OPTOMA UHD58SA |\" \/>\n<meta property=\"og:description\" content=\"Alexa Voice assistant supported projector  Bright 3,500 lumens &amp; 500,000:1 high contrast  Brand new designed lens for 4K UHD resolution with 1.3x zoom and perfect throw for theater room or living room use  8.3 million pixels on screen, CTA certified 4K UHD product  Exceptional colors, 100% Rec. 709, 80% DCI-P3 color gamut coverage  Stunning HDR10\/HLG performance, BT2020 compatible  Optoma PureMotion Technology  Built-in Media Player, and Wifi Display support  Supports Full 3D and\u00a0+10% Vertical lens shift  TapCast APP for multiple remote controls\" \/>\n<meta property=\"og:url\" content=\"https:\/\/3vtek.com\/?product=optoma-uhd58sa-2\" \/>\n<meta property=\"article:publisher\" content=\"https:\/\/www.facebook.com\/3VTEK\/?eid=ARD1HEK0Vkk48f_ONZtnbZswvsjtwfl9PMkrDB8V94ggeQflOaDhF80u3vRFB3RyBe25AWcmIsdHSsvH\" \/>\n<meta property=\"article:modified_time\" content=\"2020-04-18T12:22:27+00:00\" \/>\n<meta property=\"og:image\" content=\"https:\/\/3vtek.com\/wp-content\/uploads\/2020\/04\/UHD58SA_02-1024x678-1.png\" \/>\n\t<meta property=\"og:image:width\" content=\"1024\" \/>\n\t<meta property=\"og:image:height\" content=\"678\" \/>\n\t<meta property=\"og:image:type\" content=\"image\/png\" \/>\n<meta name=\"twitter:card\" content=\"summary_large_image\" \/>\n<meta name=\"twitter:site\" content=\"@3vtekk\" \/>\n<meta name=\"twitter:label1\" content=\"Est. reading time\" \/>\n\t<meta name=\"twitter:data1\" content=\"1 minute\" \/>\n<script type=\"application\/ld+json\" class=\"yoast-schema-graph\">{\"@context\":\"https:\\\/\\\/schema.org\",\"@graph\":[{\"@type\":\"WebPage\",\"@id\":\"https:\\\/\\\/3vtek.com\\\/?product=optoma-uhd58sa-2\",\"url\":\"https:\\\/\\\/3vtek.com\\\/?product=optoma-uhd58sa-2\",\"name\":\"OPTOMA UHD58SA |\",\"isPartOf\":{\"@id\":\"https:\\\/\\\/3vtek.com\\\/#website\"},\"primaryImageOfPage\":{\"@id\":\"https:\\\/\\\/3vtek.com\\\/?product=optoma-uhd58sa-2#primaryimage\"},\"image\":{\"@id\":\"https:\\\/\\\/3vtek.com\\\/?product=optoma-uhd58sa-2#primaryimage\"},\"thumbnailUrl\":\"https:\\\/\\\/3vtek.com\\\/wp-content\\\/uploads\\\/2020\\\/04\\\/UHD58SA_02-1024x678-1.png\",\"datePublished\":\"2020-04-07T19:53:43+00:00\",\"dateModified\":\"2020-04-18T12:22:27+00:00\",\"breadcrumb\":{\"@id\":\"https:\\\/\\\/3vtek.com\\\/?product=optoma-uhd58sa-2#breadcrumb\"},\"inLanguage\":\"en-US\",\"potentialAction\":[{\"@type\":\"ReadAction\",\"target\":[\"https:\\\/\\\/3vtek.com\\\/?product=optoma-uhd58sa-2\"]}]},{\"@type\":\"ImageObject\",\"inLanguage\":\"en-US\",\"@id\":\"https:\\\/\\\/3vtek.com\\\/?product=optoma-uhd58sa-2#primaryimage\",\"url\":\"https:\\\/\\\/3vtek.com\\\/wp-content\\\/uploads\\\/2020\\\/04\\\/UHD58SA_02-1024x678-1.png\",\"contentUrl\":\"https:\\\/\\\/3vtek.com\\\/wp-content\\\/uploads\\\/2020\\\/04\\\/UHD58SA_02-1024x678-1.png\",\"width\":1024,\"height\":678},{\"@type\":\"BreadcrumbList\",\"@id\":\"https:\\\/\\\/3vtek.com\\\/?product=optoma-uhd58sa-2#breadcrumb\",\"itemListElement\":[{\"@type\":\"ListItem\",\"position\":1,\"name\":\"Home\",\"item\":\"https:\\\/\\\/3vtek.com\\\/\"},{\"@type\":\"ListItem\",\"position\":2,\"name\":\"Products\",\"item\":\"https:\\\/\\\/3vtek.com\\\/?post_type=product\"},{\"@type\":\"ListItem\",\"position\":3,\"name\":\"OPTOMA UHD58SA\"}]},{\"@type\":\"WebSite\",\"@id\":\"https:\\\/\\\/3vtek.com\\\/#website\",\"url\":\"https:\\\/\\\/3vtek.com\\\/\",\"name\":\"3vtek.com\",\"description\":\"\",\"publisher\":{\"@id\":\"https:\\\/\\\/3vtek.com\\\/#organization\"},\"potentialAction\":[{\"@type\":\"SearchAction\",\"target\":{\"@type\":\"EntryPoint\",\"urlTemplate\":\"https:\\\/\\\/3vtek.com\\\/?s={search_term_string}\"},\"query-input\":{\"@type\":\"PropertyValueSpecification\",\"valueRequired\":true,\"valueName\":\"search_term_string\"}}],\"inLanguage\":\"en-US\"},{\"@type\":\"Organization\",\"@id\":\"https:\\\/\\\/3vtek.com\\\/#organization\",\"name\":\"3vtek\",\"url\":\"https:\\\/\\\/3vtek.com\\\/\",\"logo\":{\"@type\":\"ImageObject\",\"inLanguage\":\"en-US\",\"@id\":\"https:\\\/\\\/3vtek.com\\\/#\\\/schema\\\/logo\\\/image\\\/\",\"url\":\"https:\\\/\\\/3vtek.com\\\/wp-content\\\/uploads\\\/2020\\\/03\\\/WhatsApp-Image-2020-03-24-at-11.03.59-PM-min-min.jpeg\",\"contentUrl\":\"https:\\\/\\\/3vtek.com\\\/wp-content\\\/uploads\\\/2020\\\/03\\\/WhatsApp-Image-2020-03-24-at-11.03.59-PM-min-min.jpeg\",\"width\":630,\"height\":800,\"caption\":\"3vtek\"},\"image\":{\"@id\":\"https:\\\/\\\/3vtek.com\\\/#\\\/schema\\\/logo\\\/image\\\/\"},\"sameAs\":[\"https:\\\/\\\/www.facebook.com\\\/3VTEK\\\/?eid=ARD1HEK0Vkk48f_ONZtnbZswvsjtwfl9PMkrDB8V94ggeQflOaDhF80u3vRFB3RyBe25AWcmIsdHSsvH\",\"https:\\\/\\\/x.com\\\/3vtekk\",\"https:\\\/\\\/www.instagram.com\\\/3vtek\\\/\"]}]}<\/script>\n<!-- \/ Yoast SEO plugin. -->","yoast_head_json":{"title":"OPTOMA UHD58SA |","robots":{"index":"index","follow":"follow","max-snippet":"max-snippet:-1","max-image-preview":"max-image-preview:large","max-video-preview":"max-video-preview:-1"},"canonical":"https:\/\/3vtek.com\/?product=optoma-uhd58sa-2","og_locale":"en_US","og_type":"article","og_title":"OPTOMA UHD58SA |","og_description":"Alexa Voice assistant supported projector  Bright 3,500 lumens &amp; 500,000:1 high contrast  Brand new designed lens for 4K UHD resolution with 1.3x zoom and perfect throw for theater room or living room use  8.3 million pixels on screen, CTA certified 4K UHD product  Exceptional colors, 100% Rec. 709, 80% DCI-P3 color gamut coverage  Stunning HDR10\/HLG performance, BT2020 compatible  Optoma PureMotion Technology  Built-in Media Player, and Wifi Display support  Supports Full 3D and\u00a0+10% Vertical lens shift  TapCast APP for multiple remote controls","og_url":"https:\/\/3vtek.com\/?product=optoma-uhd58sa-2","article_publisher":"https:\/\/www.facebook.com\/3VTEK\/?eid=ARD1HEK0Vkk48f_ONZtnbZswvsjtwfl9PMkrDB8V94ggeQflOaDhF80u3vRFB3RyBe25AWcmIsdHSsvH","article_modified_time":"2020-04-18T12:22:27+00:00","og_image":[{"width":1024,"height":678,"url":"https:\/\/3vtek.com\/wp-content\/uploads\/2020\/04\/UHD58SA_02-1024x678-1.png","type":"image\/png"}],"twitter_card":"summary_large_image","twitter_site":"@3vtekk","twitter_misc":{"Est. reading time":"1 minute"},"schema":{"@context":"https:\/\/schema.org","@graph":[{"@type":"WebPage","@id":"https:\/\/3vtek.com\/?product=optoma-uhd58sa-2","url":"https:\/\/3vtek.com\/?product=optoma-uhd58sa-2","name":"OPTOMA UHD58SA |","isPartOf":{"@id":"https:\/\/3vtek.com\/#website"},"primaryImageOfPage":{"@id":"https:\/\/3vtek.com\/?product=optoma-uhd58sa-2#primaryimage"},"image":{"@id":"https:\/\/3vtek.com\/?product=optoma-uhd58sa-2#primaryimage"},"thumbnailUrl":"https:\/\/3vtek.com\/wp-content\/uploads\/2020\/04\/UHD58SA_02-1024x678-1.png","datePublished":"2020-04-07T19:53:43+00:00","dateModified":"2020-04-18T12:22:27+00:00","breadcrumb":{"@id":"https:\/\/3vtek.com\/?product=optoma-uhd58sa-2#breadcrumb"},"inLanguage":"en-US","potentialAction":[{"@type":"ReadAction","target":["https:\/\/3vtek.com\/?product=optoma-uhd58sa-2"]}]},{"@type":"ImageObject","inLanguage":"en-US","@id":"https:\/\/3vtek.com\/?product=optoma-uhd58sa-2#primaryimage","url":"https:\/\/3vtek.com\/wp-content\/uploads\/2020\/04\/UHD58SA_02-1024x678-1.png","contentUrl":"https:\/\/3vtek.com\/wp-content\/uploads\/2020\/04\/UHD58SA_02-1024x678-1.png","width":1024,"height":678},{"@type":"BreadcrumbList","@id":"https:\/\/3vtek.com\/?product=optoma-uhd58sa-2#breadcrumb","itemListElement":[{"@type":"ListItem","position":1,"name":"Home","item":"https:\/\/3vtek.com\/"},{"@type":"ListItem","position":2,"name":"Products","item":"https:\/\/3vtek.com\/?post_type=product"},{"@type":"ListItem","position":3,"name":"OPTOMA UHD58SA"}]},{"@type":"WebSite","@id":"https:\/\/3vtek.com\/#website","url":"https:\/\/3vtek.com\/","name":"3vtek.com","description":"","publisher":{"@id":"https:\/\/3vtek.com\/#organization"},"potentialAction":[{"@type":"SearchAction","target":{"@type":"EntryPoint","urlTemplate":"https:\/\/3vtek.com\/?s={search_term_string}"},"query-input":{"@type":"PropertyValueSpecification","valueRequired":true,"valueName":"search_term_string"}}],"inLanguage":"en-US"},{"@type":"Organization","@id":"https:\/\/3vtek.com\/#organization","name":"3vtek","url":"https:\/\/3vtek.com\/","logo":{"@type":"ImageObject","inLanguage":"en-US","@id":"https:\/\/3vtek.com\/#\/schema\/logo\/image\/","url":"https:\/\/3vtek.com\/wp-content\/uploads\/2020\/03\/WhatsApp-Image-2020-03-24-at-11.03.59-PM-min-min.jpeg","contentUrl":"https:\/\/3vtek.com\/wp-content\/uploads\/2020\/03\/WhatsApp-Image-2020-03-24-at-11.03.59-PM-min-min.jpeg","width":630,"height":800,"caption":"3vtek"},"image":{"@id":"https:\/\/3vtek.com\/#\/schema\/logo\/image\/"},"sameAs":["https:\/\/www.facebook.com\/3VTEK\/?eid=ARD1HEK0Vkk48f_ONZtnbZswvsjtwfl9PMkrDB8V94ggeQflOaDhF80u3vRFB3RyBe25AWcmIsdHSsvH","https:\/\/x.com\/3vtekk","https:\/\/www.instagram.com\/3vtek\/"]}]}},"jetpack_sharing_enabled":true,"_links":{"self":[{"href":"https:\/\/3vtek.com\/index.php?rest_route=\/wp\/v2\/product\/1979","targetHints":{"allow":["GET"]}}],"collection":[{"href":"https:\/\/3vtek.com\/index.php?rest_route=\/wp\/v2\/product"}],"about":[{"href":"https:\/\/3vtek.com\/index.php?rest_route=\/wp\/v2\/types\/product"}],"replies":[{"embeddable":true,"href":"https:\/\/3vtek.com\/index.php?rest_route=%2Fwp%2Fv2%2Fcomments&post=1979"}],"wp:featuredmedia":[{"embeddable":true,"href":"https:\/\/3vtek.com\/index.php?rest_route=\/wp\/v2\/media\/1972"}],"wp:attachment":[{"href":"https:\/\/3vtek.com\/index.php?rest_route=%2Fwp%2Fv2%2Fmedia&parent=1979"}],"wp:term":[{"taxonomy":"product_brand","embeddable":true,"href":"https:\/\/3vtek.com\/index.php?rest_route=%2Fwp%2Fv2%2Fproduct_brand&post=1979"},{"taxonomy":"product_cat","embeddable":true,"href":"https:\/\/3vtek.com\/index.php?rest_route=%2Fwp%2Fv2%2Fproduct_cat&post=1979"},{"taxonomy":"product_tag","embeddable":true,"href":"https:\/\/3vtek.com\/index.php?rest_route=%2Fwp%2Fv2%2Fproduct_tag&post=1979"}],"curies":[{"name":"wp","href":"https:\/\/api.w.org\/{rel}","templated":true}]}}